{"id":1628,"date":"2021-01-05T16:03:26","date_gmt":"2021-01-05T15:03:26","guid":{"rendered":"https:\/\/brugmann.com\/le-boudoir\/"},"modified":"2021-05-10T11:26:36","modified_gmt":"2021-05-10T09:26:36","slug":"the-boudoir","status":"publish","type":"page","link":"https:\/\/brugmann.com\/en\/the-boudoir\/","title":{"rendered":"The &#8220;Boudoir&#8221;"},"content":{"rendered":"<div class=\"wpb-content-wrapper\"><p>[vc_row heading_color=&#8221;light&#8221; section_type=&#8221;fullwidth&#8221; bg_type=&#8221;image&#8221; bg_image=&#8221;1061&#8243; color_overlay=&#8221;dark&#8221; opacity_overlay=&#8221;40&#8243; padding_top_multiplier=&#8221;&#8221; padding_bottom_multiplier=&#8221;&#8221; columns_gap=&#8221;none&#8221; el_class=&#8221;HP-slider page-title&#8221; margin_bottom=&#8221;0&#8243; font_color=&#8221;#ffffff&#8221;][vc_column css=&#8221;.vc_custom_1609931636879{margin: 0px !important;padding: 0px !important;border: 0px initial !important;}&#8221;]<div class=\"grve-empty-space grve-height-6x desk-espace\" style=\"\"><\/div><h2 class=\"grve-element grve-title grve-align-center grve-animated-item grve-duration-normal grve-fade-in-up grve-h1\" style=\"margin-bottom: 0px;\" data-delay=\"400\"><span>The &#8220;Boudoir&#8221;<\/span><\/h2><div class=\"grve-empty-space desk-espace\" style=\"height: 15px;\"><\/div><h2 class=\"grve-element grve-title grve-align-center grve-animated-item grve-duration-normal grve-fade-in-up grve-h3\" style=\"margin-bottom: 0px;\" data-delay=\"800\"><span>A COZY ROOM WITH FIREPLACE<\/span><\/h2><div class=\"grve-empty-space grve-height-1x desk-espace\" style=\"\"><\/div><div class=\"grve-element grve-align-center\"><a href=\"https:\/\/brugmann.com\/en\/booking\/#form-contact\" title=\"Contact\" class=\"grve-btn grve-btn-large grve-square grve-bg-white grve-bg-hover-primary-1 grve-btn-line btn-path\"><span>PRIVATIZE<\/span><\/a><\/div><div class=\"grve-empty-space grve-height-6x desk-espace\" style=\"\"><\/div>[\/vc_column][\/vc_row][vc_row section_type=&#8221;fullwidth&#8221; padding_top_multiplier=&#8221;&#8221; padding_bottom_multiplier=&#8221;&#8221; equal_column_height=&#8221;middle-content&#8221; el_class=&#8221;HP-about terrasse column-reverse&#8221; margin_bottom=&#8221;0&#8243; section_id=&#8221;hp-about&#8221;][vc_column width=&#8221;1\/2&#8243; tablet_sm_width=&#8221;1&#8243; clipping_animation=&#8221;clipping-down&#8221; animation_delay=&#8221;400&#8243; css=&#8221;.vc_custom_1617180250135{margin-top: 0px !important;margin-right: 0px !important;margin-bottom: 0px !important;margin-left: 0px !important;padding-top: 0px !important;padding-right: 0px !important;padding-bottom: 0px !important;padding-left: 0px !important;background-image: url(https:\/\/brugmann.com\/wp-content\/uploads\/2021\/03\/Luc-Viatour_09-Le-Brugmann-soir-scaled-e1615302507910.jpg?id=1063) !important;background-position: center !important;background-repeat: no-repeat !important;background-size: cover !important;}&#8221;][\/vc_column][vc_column width=&#8221;1\/2&#8243; tablet_sm_width=&#8221;1&#8243; css=&#8221;.vc_custom_1615988491533{padding-right: 20% !important;padding-left: 20% !important;}&#8221;]<div class=\"grve-empty-space grve-height-6x desk-espace\" style=\"\"><\/div><div class=\"grve-empty-space grve-height-2x desk-espace\" style=\"\"><\/div><h2 class=\"grve-element grve-title grve-align-left grve-animated-item grve-duration-normal grve-fade-in-up grve-h1\" style=\"margin-bottom: 0px;\" data-delay=\"600\"><span><span style=\"color: #d99600;\">The &#8220;Boudoir&#8221;<\/span><\/span><\/h2><div class=\"grve-empty-space grve-height-2x desk-espace\" style=\"\"><\/div>[vc_column_text]<strong>The BRUGMANN gourmet restaurant\u2019s cosy little tea room<\/strong>, with its marble fireplace and moulded architectural features, is an ideal choice for afternoon tea or pre-dinner drinks.<br \/>\nA selection of pastries prepared by the chef, teas, champagnes and cocktails<strong> are served all day in a relaxed and elegant atmosphere.<\/strong>[\/vc_column_text]<div class=\"grve-empty-space grve-height-3x desk-space\" style=\"\"><\/div><div class=\"grve-element grve-align-left\"><a href=\"\/en\/menu\/\" title=\"MENU\" target=\"_blank\" rel=\"noopener noreferrer\" class=\"grve-btn grve-btn-extralarge grve-square grve-bg-primary-1 grve-bg-hover-white grve-btn-line\"><span>MENU<\/span><\/a><\/div><div class=\"grve-empty-space grve-height-3x desk-espace\" style=\"\"><\/div><div class=\"grve-empty-space grve-height-6x desk-espace\" style=\"\"><\/div>[\/vc_column][\/vc_row][vc_row section_type=&#8221;fullwidth&#8221; padding_top_multiplier=&#8221;&#8221; padding_bottom_multiplier=&#8221;&#8221; equal_column_height=&#8221;middle-content&#8221; el_class=&#8221;HP-about terrasse&#8221; margin_bottom=&#8221;0&#8243; section_id=&#8221;hp-about&#8221;][vc_column width=&#8221;1\/2&#8243; tablet_sm_width=&#8221;1&#8243; css=&#8221;.vc_custom_1615988513269{padding-right: 20% !important;padding-left: 20% !important;}&#8221;]<div class=\"grve-empty-space grve-height-6x desk-espace\" style=\"\"><\/div><h2 class=\"grve-element grve-title grve-align-left grve-animated-item grve-duration-normal grve-fade-in-up grve-h1\" style=\"margin-bottom: 0px;\" data-delay=\"600\"><span><span style=\"color: #9e3764;\">THE LIBRARY<\/span><\/span><\/h2><div class=\"grve-empty-space grve-height-3x desk-espace\" style=\"\"><\/div>[vc_column_text]<strong>Enjoy a space in an atypical setting: our library.<\/strong><\/p>\n<p>You can privatize this room for a maximum of 10 people for your corporate evenings, birthdays, lunches, family dinners, etc.[\/vc_column_text]<div class=\"grve-empty-space grve-height-4x desk-space\" style=\"\"><\/div><div class=\"grve-element grve-align-left grve-fluid-button\"><a href=\"https:\/\/brugmann.com\/en\/booking\/\" title=\"Contact\" class=\"grve-btn grve-btn-extralarge grve-square grve-bg-primary-1 grve-bg-hover-white grve-btn-line\" style=\"max-width: 450px;\"><span>BOOK A TABLE<\/span><\/a><\/div><div class=\"grve-empty-space grve-height-6x desk-espace\" style=\"\"><\/div>[\/vc_column][vc_column width=&#8221;1\/2&#8243; tablet_sm_width=&#8221;1&#8243; clipping_animation=&#8221;clipping-down&#8221; animation_delay=&#8221;400&#8243; css=&#8221;.vc_custom_1617180258135{margin-top: 0px !important;margin-right: 0px !important;margin-bottom: 0px !important;margin-left: 0px !important;padding-top: 0px !important;padding-right: 0px !important;padding-bottom: 0px !important;padding-left: 0px !important;background-image: url(https:\/\/brugmann.com\/wp-content\/uploads\/2021\/03\/bibliotheque-brugmann-salle-privatiser.jpg?id=1065) !important;background-position: center !important;background-repeat: no-repeat !important;background-size: cover !important;}&#8221;][\/vc_column][\/vc_row][vc_row section_type=&#8221;fullwidth&#8221; bg_type=&#8221;image&#8221; bg_image=&#8221;1067&#8243; color_overlay=&#8221;dark&#8221; opacity_overlay=&#8221;30&#8243; padding_top_multiplier=&#8221;&#8221; padding_bottom_multiplier=&#8221;&#8221; columns_gap=&#8221;5&#8243; equal_column_height=&#8221;middle-content&#8221; margin_bottom=&#8221;0&#8243; el_class=&#8221;HP-about lieux-nav&#8221;][vc_column animation_delay=&#8221;400&#8243; css=&#8221;.vc_custom_1615303103850{margin-top: 0px !important;margin-right: 0px !important;margin-bottom: 0px !important;margin-left: 0px !important;padding-top: 0px !important;padding-right: 0px !important;padding-bottom: 0px !important;padding-left: 0px !important;}&#8221;]<div class=\"grve-empty-space grve-height-4x desk-espace\" style=\"\"><\/div>[vc_row_inner css=&#8221;.vc_custom_1610124709738{margin: 0px !important;padding: 0px !important;}&#8221;][vc_column_inner width=&#8221;1\/3&#8243; tablet_sm_width=&#8221;1-6&#8243; mobile_width=&#8221;hide&#8221; css=&#8221;.vc_custom_1615988540876{margin-top: 0px !important;margin-right: 0px !important;margin-bottom: 0px !important;margin-left: 0px !important;padding-top: 0px !important;padding-right: 5px !important;padding-bottom: 0px !important;padding-left: 0px !important;}&#8221;]<div class=\"grve-element grve-single-icon grve-align-right grve-small\" style=\"\"><a href=\"\/en\/the-b-bar\/\" title=\"The &quot;B&quot; Bar\">  <div class=\"grve-wrapper-icon grve-no-shape\" style=\"\"><i class=\"smp-icon-arrow-left grve-text-white\"><\/i><\/div><\/a><\/div>[\/vc_column_inner][vc_column_inner width=&#8221;1\/3&#8243; tablet_sm_width=&#8221;2-3&#8243; mobile_width=&#8221;1&#8243;][vc_column_text]<a href=\"\/en\/the-b-bar\/\">THE \u00ab B \u00bb BAR<\/a>[\/vc_column_text][vc_column_text]<a href=\"\/en\/the-grand-salon\/\">THE \u00ab GRAND SALON \u00bb<\/a>[\/vc_column_text][\/vc_column_inner][vc_column_inner width=&#8221;1\/3&#8243; tablet_sm_width=&#8221;1-6&#8243; mobile_width=&#8221;hide&#8221; css=&#8221;.vc_custom_1615988548469{margin-top: 0px !important;margin-right: 0px !important;margin-bottom: 0px !important;margin-left: 0px !important;padding-top: 0px !important;padding-right: 0px !important;padding-bottom: 0px !important;padding-left: 0px !important;}&#8221;]<div class=\"grve-element grve-single-icon grve-align-left grve-small\" style=\"\"><a href=\"\/en\/the-grand-salon\/\" title=\"The \u00ab\u00a0Grand Salon\u00a0\u00bb\">  <div class=\"grve-wrapper-icon grve-no-shape\" style=\"\"><i class=\"smp-icon-arrow-right grve-text-white\"><\/i><\/div><\/a><\/div>[\/vc_column_inner][\/vc_row_inner]<div class=\"grve-empty-space grve-height-4x desk-espace\" style=\"\"><\/div>[\/vc_column][\/vc_row]<\/p>\n<\/div>","protected":false},"excerpt":{"rendered":"<p>[vc_row heading_color=&#8221;light&#8221; section_type=&#8221;fullwidth&#8221; bg_type=&#8221;image&#8221; bg_image=&#8221;1061&#8243; color_overlay=&#8221;dark&#8221; opacity_overlay=&#8221;40&#8243; padding_top_multiplier=&#8221;&#8221; padding_bottom_multiplier=&#8221;&#8221; columns_gap=&#8221;none&#8221; el_class=&#8221;HP-slider page-title&#8221; margin_bottom=&#8221;0&#8243; font_color=&#8221;#ffffff&#8221;][vc_column css=&#8221;.vc_custom_1609931636879{margin: 0px !important;padding: 0px !important;border: 0px initial !important;}&#8221;][\/vc_column][\/vc_row][vc_row section_type=&#8221;fullwidth&#8221; padding_top_multiplier=&#8221;&#8221; padding_bottom_multiplier=&#8221;&#8221; equal_column_height=&#8221;middle-content&#8221; el_class=&#8221;HP-about terrasse column-reverse&#8221; margin_bottom=&#8221;0&#8243; section_id=&#8221;hp-about&#8221;][vc_column width=&#8221;1\/2&#8243; tablet_sm_width=&#8221;1&#8243; clipping_animation=&#8221;clipping-down&#8221; animation_delay=&#8221;400&#8243; css=&#8221;.vc_custom_1617180250135{margin-top: 0px !important;margin-right: 0px !important;margin-bottom: 0px !important;margin-left: 0px !important;padding-top: 0px !important;padding-right: 0px !important;padding-bottom: 0px !important;padding-left: 0px !important;background-image: url(https:\/\/brugmann.com\/wp-content\/uploads\/2021\/03\/Luc-Viatour_09-Le-Brugmann-soir-scaled-e1615302507910.jpg?id=1063) !important;background-position: center [&hellip;]<\/p>\n","protected":false},"author":1,"featured_media":0,"parent":0,"menu_order":0,"comment_status":"closed","ping_status":"closed","template":"","meta":{"footnotes":""},"class_list":["post-1628","page","type-page","status-publish","hentry"],"yoast_head":"<!-- This site is optimized with the Yoast SEO plugin v23.3 - https:\/\/yoast.com\/wordpress\/plugins\/seo\/ -->\n<title>Privatisez une salle du restaurant Brugmann pour un anniversaire,...<\/title>\n<meta name=\"description\" content=\"Vous cherchez un lieu unique pour f\u00eater votre anniversaire ? Les salles du Brugmann sont privatisable s\u00e9par\u00e9ment ou pas. Infos 02 880 55 54\" \/>\n<meta name=\"robots\" content=\"index, follow, max-snippet:-1, max-image-preview:large, max-video-preview:-1\" \/>\n<link rel=\"canonical\" href=\"https:\/\/brugmann.com\/en\/the-boudoir\/\" \/>\n<meta property=\"og:locale\" content=\"en_US\" \/>\n<meta property=\"og:type\" content=\"article\" \/>\n<meta property=\"og:title\" content=\"Privatisez une salle du restaurant Brugmann pour un anniversaire,...\" \/>\n<meta property=\"og:description\" content=\"Vous cherchez un lieu unique pour f\u00eater votre anniversaire ? Les salles du Brugmann sont privatisable s\u00e9par\u00e9ment ou pas. Infos 02 880 55 54\" \/>\n<meta property=\"og:url\" content=\"https:\/\/brugmann.com\/en\/the-boudoir\/\" \/>\n<meta property=\"og:site_name\" content=\"Brugmann\" \/>\n<meta property=\"article:modified_time\" content=\"2021-05-10T09:26:36+00:00\" \/>\n<meta name=\"twitter:card\" content=\"summary_large_image\" \/>\n<meta name=\"twitter:label1\" content=\"Est. reading time\" \/>\n\t<meta name=\"twitter:data1\" content=\"2 minutes\" \/>\n<script type=\"application\/ld+json\" class=\"yoast-schema-graph\">{\"@context\":\"https:\/\/schema.org\",\"@graph\":[{\"@type\":\"WebPage\",\"@id\":\"https:\/\/brugmann.com\/en\/the-boudoir\/\",\"url\":\"https:\/\/brugmann.com\/en\/the-boudoir\/\",\"name\":\"Privatisez une salle du restaurant Brugmann pour un anniversaire,...\",\"isPartOf\":{\"@id\":\"https:\/\/brugmann.com\/#website\"},\"datePublished\":\"2021-01-05T15:03:26+00:00\",\"dateModified\":\"2021-05-10T09:26:36+00:00\",\"description\":\"Vous cherchez un lieu unique pour f\u00eater votre anniversaire ? Les salles du Brugmann sont privatisable s\u00e9par\u00e9ment ou pas. Infos 02 880 55 54\",\"breadcrumb\":{\"@id\":\"https:\/\/brugmann.com\/en\/the-boudoir\/#breadcrumb\"},\"inLanguage\":\"en-US\",\"potentialAction\":[{\"@type\":\"ReadAction\",\"target\":[\"https:\/\/brugmann.com\/en\/the-boudoir\/\"]}]},{\"@type\":\"BreadcrumbList\",\"@id\":\"https:\/\/brugmann.com\/en\/the-boudoir\/#breadcrumb\",\"itemListElement\":[{\"@type\":\"ListItem\",\"position\":1,\"name\":\"Accueil\",\"item\":\"https:\/\/brugmann.com\/en\/\"},{\"@type\":\"ListItem\",\"position\":2,\"name\":\"The &#8220;Boudoir&#8221;\"}]},{\"@type\":\"WebSite\",\"@id\":\"https:\/\/brugmann.com\/#website\",\"url\":\"https:\/\/brugmann.com\/\",\"name\":\"Brugmann\",\"description\":\"Restaurant gastronomique Bruxelles\",\"potentialAction\":[{\"@type\":\"SearchAction\",\"target\":{\"@type\":\"EntryPoint\",\"urlTemplate\":\"https:\/\/brugmann.com\/?s={search_term_string}\"},\"query-input\":\"required name=search_term_string\"}],\"inLanguage\":\"en-US\"}]}<\/script>\n<!-- \/ Yoast SEO plugin. -->","yoast_head_json":{"title":"Privatisez une salle du restaurant Brugmann pour un anniversaire,...","description":"Vous cherchez un lieu unique pour f\u00eater votre anniversaire ? Les salles du Brugmann sont privatisable s\u00e9par\u00e9ment ou pas. Infos 02 880 55 54","robots":{"index":"index","follow":"follow","max-snippet":"max-snippet:-1","max-image-preview":"max-image-preview:large","max-video-preview":"max-video-preview:-1"},"canonical":"https:\/\/brugmann.com\/en\/the-boudoir\/","og_locale":"en_US","og_type":"article","og_title":"Privatisez une salle du restaurant Brugmann pour un anniversaire,...","og_description":"Vous cherchez un lieu unique pour f\u00eater votre anniversaire ? Les salles du Brugmann sont privatisable s\u00e9par\u00e9ment ou pas. Infos 02 880 55 54","og_url":"https:\/\/brugmann.com\/en\/the-boudoir\/","og_site_name":"Brugmann","article_modified_time":"2021-05-10T09:26:36+00:00","twitter_card":"summary_large_image","twitter_misc":{"Est. reading time":"2 minutes"},"schema":{"@context":"https:\/\/schema.org","@graph":[{"@type":"WebPage","@id":"https:\/\/brugmann.com\/en\/the-boudoir\/","url":"https:\/\/brugmann.com\/en\/the-boudoir\/","name":"Privatisez une salle du restaurant Brugmann pour un anniversaire,...","isPartOf":{"@id":"https:\/\/brugmann.com\/#website"},"datePublished":"2021-01-05T15:03:26+00:00","dateModified":"2021-05-10T09:26:36+00:00","description":"Vous cherchez un lieu unique pour f\u00eater votre anniversaire ? Les salles du Brugmann sont privatisable s\u00e9par\u00e9ment ou pas. Infos 02 880 55 54","breadcrumb":{"@id":"https:\/\/brugmann.com\/en\/the-boudoir\/#breadcrumb"},"inLanguage":"en-US","potentialAction":[{"@type":"ReadAction","target":["https:\/\/brugmann.com\/en\/the-boudoir\/"]}]},{"@type":"BreadcrumbList","@id":"https:\/\/brugmann.com\/en\/the-boudoir\/#breadcrumb","itemListElement":[{"@type":"ListItem","position":1,"name":"Accueil","item":"https:\/\/brugmann.com\/en\/"},{"@type":"ListItem","position":2,"name":"The &#8220;Boudoir&#8221;"}]},{"@type":"WebSite","@id":"https:\/\/brugmann.com\/#website","url":"https:\/\/brugmann.com\/","name":"Brugmann","description":"Restaurant gastronomique Bruxelles","potentialAction":[{"@type":"SearchAction","target":{"@type":"EntryPoint","urlTemplate":"https:\/\/brugmann.com\/?s={search_term_string}"},"query-input":"required name=search_term_string"}],"inLanguage":"en-US"}]}},"_links":{"self":[{"href":"https:\/\/brugmann.com\/en\/wp-json\/wp\/v2\/pages\/1628","targetHints":{"allow":["GET"]}}],"collection":[{"href":"https:\/\/brugmann.com\/en\/wp-json\/wp\/v2\/pages"}],"about":[{"href":"https:\/\/brugmann.com\/en\/wp-json\/wp\/v2\/types\/page"}],"author":[{"embeddable":true,"href":"https:\/\/brugmann.com\/en\/wp-json\/wp\/v2\/users\/1"}],"replies":[{"embeddable":true,"href":"https:\/\/brugmann.com\/en\/wp-json\/wp\/v2\/comments?post=1628"}],"version-history":[{"count":0,"href":"https:\/\/brugmann.com\/en\/wp-json\/wp\/v2\/pages\/1628\/revisions"}],"wp:attachment":[{"href":"https:\/\/brugmann.com\/en\/wp-json\/wp\/v2\/media?parent=1628"}],"curies":[{"name":"wp","href":"https:\/\/api.w.org\/{rel}","templated":true}]}}