{"id":769,"date":"2021-01-05T16:00:22","date_gmt":"2021-01-05T15:00:22","guid":{"rendered":"https:\/\/brugmann.iloworks.be\/menu\/les-boissons\/"},"modified":"2021-05-17T16:05:24","modified_gmt":"2021-05-17T14:05:24","slug":"cocktails","status":"publish","type":"page","link":"https:\/\/brugmann.com\/en\/les-cartes\/cocktails\/","title":{"rendered":"COCKTAILS"},"content":{"rendered":"<div class=\"wpb-content-wrapper\"><p>[vc_row section_type=&#8221;fullwidth&#8221; padding_top_multiplier=&#8221;&#8221; padding_bottom_multiplier=&#8221;&#8221; equal_column_height=&#8221;middle-content&#8221; el_class=&#8221;menu column-reverse&#8221; margin_bottom=&#8221;0&#8243; section_id=&#8221;cocktails&#8221;][vc_column width=&#8221;1\/2&#8243; tablet_sm_width=&#8221;1&#8243; heading_color=&#8221;primary-3&#8243; css=&#8221;.vc_custom_1613739445468{padding-right: 50px !important;padding-left: 50px !important;}&#8221; font_color=&#8221;#9d9588&#8243;]<div class=\"grve-empty-space grve-height-1x desk-space\" style=\"\"><\/div><h1 class=\"grve-element grve-title grve-align-center grve-h3\" style=\"margin-bottom: 0px;\"><span><a href=\"https:\/\/brugmann.com\/en\/the-b-bar\/\">BAR COCKTAILS<\/a><\/span><\/h1><div class=\"grve-element grve-divider carte-line\" style=\"\"><div class=\"grve-line-divider grve-border\"><\/div><\/div><h2 class=\"grve-element grve-title grve-align-center grve-h4\" style=\"margin-bottom: 0px;\"><span><em>14,50 \u20ac<\/em><\/span><\/h2><div class=\"grve-empty-space grve-height-2x desk-espace\" style=\"\"><\/div>[vc_column_text text_style=&#8221;subtitle&#8221; animation=&#8221;grve-fade-in-up&#8221; animation_delay=&#8221;800&#8243;]<\/p>\n<p style=\"text-align: center;\">Mojito \/ Mojito Royal<\/p>\n<h4 style=\"text-align: center;\">White rum, lime juice, cane sugar, fresh mint leaves, soda water \/ champagne<\/h4>\n<div class=\"carte-sline\" style=\"text-align: center;\"><\/div>\n<p style=\"text-align: center;\">Ma\u00ef Ta\u00ef<\/p>\n<h4 style=\"text-align: center;\">Dark rum, white rum, cura\u00e7ao orange, lime juice, orgeat syrupt<\/h4>\n<div class=\"carte-sline\" style=\"text-align: center;\"><\/div>\n<p style=\"text-align: center;\">Cuba Libre<\/p>\n<h4 style=\"text-align: center;\">Dark rum, lime juice, coca-cola<\/h4>\n<div class=\"carte-sline\" style=\"text-align: center;\"><\/div>\n<p style=\"text-align: center;\">Daiquiri<\/p>\n<h4 style=\"text-align: center;\">White rum, lime juice, cane sugar<\/h4>\n<div class=\"carte-sline\" style=\"text-align: center;\"><\/div>\n<p style=\"text-align: center;\">Strawberry Daiquiri<\/p>\n<h4 style=\"text-align: center;\">White rum, lime juice, fresh strawberries, cane sugar<\/h4>\n<div class=\"carte-sline\" style=\"text-align: center;\"><\/div>\n<p style=\"text-align: center;\">Cosmopolitain<\/p>\n<h4 style=\"text-align: center;\">Vodka, triple sec, lemon juice, cranberry juice<\/h4>\n<div class=\"carte-sline\" style=\"text-align: center;\"><\/div>\n<p style=\"text-align: center;\">Martini Dry<\/p>\n<h4 style=\"text-align: center;\">Gin, Dry Vermouth<\/h4>\n<div class=\"carte-sline\" style=\"text-align: center;\"><\/div>\n<p style=\"text-align: center;\">Gin Fizz<\/p>\n<h4 style=\"text-align: center;\">Gin, lemon juice, cane sugar, soda water<\/h4>\n<div class=\"carte-sline\" style=\"text-align: center;\"><\/div>\n<p style=\"text-align: center;\">Whisky Sour<\/p>\n<h4 style=\"text-align: center;\">Whisky, lemon juice, cane sugar<\/h4>\n<div class=\"carte-sline\" style=\"text-align: center;\"><\/div>\n<p style=\"text-align: center;\">Mint Julep<\/p>\n<h4 style=\"text-align: center;\">Bourbon, Angostura bitters, fresh mint leaves, cane sugar<\/h4>\n<div class=\"carte-sline\" style=\"text-align: center;\"><\/div>\n<p style=\"text-align: center;\">Ca\u00efpirinha<\/p>\n<h4 style=\"text-align: center;\">Cacha\u00e7a, lime, cane sugar<\/h4>\n<div class=\"carte-sline\" style=\"text-align: center;\"><\/div>\n<p style=\"text-align: center;\">Ca\u00efpiroska<\/p>\n<h4 style=\"text-align: center;\">Vodka, lime, cane sugar<\/h4>\n<div class=\"carte-sline\" style=\"text-align: center;\"><\/div>\n<p style=\"text-align: center;\">Bloody Mary<\/p>\n<h4 style=\"text-align: center;\">Vodka, lemon juice, tabasco, pepper, celery salt, worcestershire sauce, tomato juice<\/h4>\n<div class=\"carte-sline\" style=\"text-align: center;\"><\/div>\n<p style=\"text-align: center;\">Old Fashionned<\/p>\n<h4 style=\"text-align: center;\">Bourbon, Angostura bitters, soda water, sugar<\/h4>\n<div class=\"carte-sline\" style=\"text-align: center;\"><\/div>\n<p style=\"text-align: center;\">Americano<\/p>\n<h4 style=\"text-align: center;\">Campari, Martini rosso, soda water<\/h4>\n<div class=\"carte-sline\" style=\"text-align: center;\"><\/div>\n<p style=\"text-align: center;\">&#8211; &#8211; &#8211;<\/p>\n<h4 style=\"text-align: center;\">All classsic cocktails available upon request<\/h4>\n<p>[\/vc_column_text]<div class=\"grve-empty-space grve-height-4x desk-space\" style=\"\"><\/div>[\/vc_column][vc_column width=&#8221;1\/2&#8243; tablet_sm_width=&#8221;1&#8243; animation_delay=&#8221;400&#8243; css=&#8221;.vc_custom_1617179187759{margin-top: 0px !important;margin-right: 0px !important;margin-bottom: 0px !important;margin-left: 0px !important;padding-top: 0px !important;padding-right: 0px !important;padding-bottom: 0px !important;padding-left: 0px !important;background-image: url(https:\/\/brugmann.com\/wp-content\/uploads\/2021\/03\/981A7646-scaled.jpg?id=1434) !important;background-position: center !important;background-repeat: no-repeat !important;background-size: cover !important;}&#8221;][\/vc_column][\/vc_row][vc_row section_type=&#8221;fullwidth&#8221; padding_top_multiplier=&#8221;&#8221; padding_bottom_multiplier=&#8221;&#8221; equal_column_height=&#8221;middle-content&#8221; el_class=&#8221;menu&#8221; margin_bottom=&#8221;0&#8243; section_id=&#8221;plats&#8221;][vc_column width=&#8221;1\/2&#8243; tablet_sm_width=&#8221;1&#8243; animation_delay=&#8221;400&#8243; css=&#8221;.vc_custom_1617179195338{margin-top: 0px !important;margin-right: 0px !important;margin-bottom: 0px !important;margin-left: 0px !important;padding-top: 0px !important;padding-right: 0px !important;padding-bottom: 0px !important;padding-left: 0px !important;background-image: url(https:\/\/brugmann.com\/wp-content\/uploads\/2021\/03\/981A7715-scaled.jpg?id=1432) !important;background-position: center !important;background-repeat: no-repeat !important;background-size: cover !important;}&#8221;][\/vc_column][vc_column width=&#8221;1\/2&#8243; tablet_sm_width=&#8221;1&#8243; heading_color=&#8221;primary-3&#8243; css=&#8221;.vc_custom_1613739462156{padding-right: 50px !important;padding-left: 50px !important;}&#8221; font_color=&#8221;#9d9588&#8243;]<div class=\"grve-empty-space grve-height-1x desk-space\" style=\"\"><\/div><h2 class=\"grve-element grve-title grve-align-center grve-h3\" style=\"margin-bottom: 0px;\"><span>COCKTAILS SIGNATURE<\/span><\/h2><div class=\"grve-element grve-divider carte-line\" style=\"\"><div class=\"grve-line-divider grve-border\"><\/div><\/div><h2 class=\"grve-element grve-title grve-align-center grve-h4\" style=\"margin-bottom: 0px;\"><span><em>de 14,50 \u00e0 15,00\u20ac<\/em><\/span><\/h2><div class=\"grve-empty-space grve-height-2x desk-espace\" style=\"\"><\/div>[vc_column_text text_style=&#8221;subtitle&#8221; animation=&#8221;grve-fade-in-up&#8221; animation_delay=&#8221;800&#8243;]<\/p>\n<p style=\"text-align: center;\">American Moscow Mule<\/p>\n<h4 style=\"text-align: center;\">Tito&#8217;s vodka, lime juice, Fever-Tree ginger beer<\/h4>\n<div class=\"carte-sline\" style=\"text-align: center;\"><\/div>\n<p style=\"text-align: center;\">Belgium Mojito<\/p>\n<h4 style=\"text-align: center;\">Mandarine Napoleon, lime juice, fresh mint, cane sugar, soda water<\/h4>\n<div class=\"carte-sline\" style=\"text-align: center;\"><\/div>\n<p style=\"text-align: center;\">Hara Kiri<\/p>\n<h4 style=\"text-align: center;\">Vodka Belvedere,lime juice, cane sugar, wasabi<\/h4>\n<div class=\"carte-sline\" style=\"text-align: center;\"><\/div>\n<p style=\"text-align: center;\">June Royal<\/p>\n<h4 style=\"text-align: center;\">Esprit de June, champagne, lime juice, fresh mint leaves<\/h4>\n<div class=\"carte-sline\" style=\"text-align: center;\"><\/div>\n<p style=\"text-align: center;\">Lindy Hop<\/p>\n<h4 style=\"text-align: center;\">Tanqueray Ten Gin, peach liqueur, lemon juice, lavender syrup, egg white<\/h4>\n<div class=\"carte-sline\" style=\"text-align: center;\"><\/div>\n<p style=\"text-align: center;\">Spades Lady<\/p>\n<h4 style=\"text-align: center;\">Calvados, ginger liqueur Joseph Cartron, grapefruit juice, rose syrup, Jamaica pepper<\/h4>\n<div class=\"carte-sline\" style=\"text-align: center;\"><\/div>\n<p style=\"text-align: center;\">Summit<\/p>\n<h4 style=\"text-align: center;\">H by Hine Cognac, Fever-Tree lemonade, fresh ginger lime juice, cucumber<\/h4>\n<div class=\"carte-sline\" style=\"text-align: center;\"><\/div>\n<p style=\"text-align: center;\">Tsunami<\/p>\n<h4 style=\"text-align: center;\">Whisky Hibiki 12 years, cinnamon oil, apple juice, lemon juice, honey, egg white<\/h4>\n<div class=\"carte-sline\" style=\"text-align: center;\"><\/div>\n<p style=\"text-align: center;\">W Fresh<\/p>\n<h4 style=\"text-align: center;\">Whisky Hibiki 12 years, green apple liqueur Joseph Cartron, ginger syrup, egg white<\/h4>\n<div class=\"carte-sline\" style=\"text-align: center;\"><\/div>\n<p style=\"text-align: center;\">Love Love<\/p>\n<h4 style=\"text-align: center;\">Zacapa Rum 23, strawberries, raspberries, lemon juice<\/h4>\n<div class=\"carte-sline\" style=\"text-align: center;\"><\/div>\n<p style=\"text-align: center;\">Very Love<\/p>\n<h4 style=\"text-align: center;\">Zacapa Rum 23 years, cinnamon oil, honey syrup, apple juice, egg white<\/h4>\n<p>[\/vc_column_text]<div class=\"grve-empty-space grve-height-4x desk-space\" style=\"\"><\/div>[\/vc_column][\/vc_row]<\/p>\n<\/div>","protected":false},"excerpt":{"rendered":"<p>[vc_row section_type=&#8221;fullwidth&#8221; padding_top_multiplier=&#8221;&#8221; padding_bottom_multiplier=&#8221;&#8221; equal_column_height=&#8221;middle-content&#8221; el_class=&#8221;menu column-reverse&#8221; margin_bottom=&#8221;0&#8243; section_id=&#8221;cocktails&#8221;][vc_column width=&#8221;1\/2&#8243; tablet_sm_width=&#8221;1&#8243; heading_color=&#8221;primary-3&#8243; css=&#8221;.vc_custom_1613739445468{padding-right: 50px !important;padding-left: 50px !important;}&#8221; font_color=&#8221;#9d9588&#8243;][vc_column_text text_style=&#8221;subtitle&#8221; animation=&#8221;grve-fade-in-up&#8221; animation_delay=&#8221;800&#8243;] Mojito \/ Mojito Royal White rum, lime juice, cane sugar, fresh mint leaves, soda water \/ champagne Ma\u00ef Ta\u00ef Dark rum, white rum, cura\u00e7ao orange, lime juice, orgeat syrupt Cuba Libre Dark rum, lime [&hellip;]<\/p>\n","protected":false},"author":1,"featured_media":0,"parent":763,"menu_order":0,"comment_status":"closed","ping_status":"closed","template":"","meta":{"footnotes":""},"class_list":["post-769","page","type-page","status-publish","hentry"],"yoast_head":"<!-- This site is optimized with the Yoast SEO plugin v23.3 - https:\/\/yoast.com\/wordpress\/plugins\/seo\/ -->\n<title>D\u00e9couvrez la carte des cocktails du Bar &quot;B&quot; - Restaurant Brugmann<\/title>\n<meta name=\"description\" content=\"Sirotez un mojito, une ca\u00efpirinha ou votre cocktail pr\u00e9f\u00e9r\u00e9 au Bar \u00e0 cocktail &quot;B&quot; avant de manger au restaurant. D\u00e9couvrez la carte ici\" \/>\n<meta name=\"robots\" content=\"index, follow, max-snippet:-1, max-image-preview:large, max-video-preview:-1\" \/>\n<link rel=\"canonical\" href=\"https:\/\/brugmann.com\/en\/les-cartes\/cocktails\/\" \/>\n<meta property=\"og:locale\" content=\"en_US\" \/>\n<meta property=\"og:type\" content=\"article\" \/>\n<meta property=\"og:title\" content=\"D\u00e9couvrez la carte des cocktails du Bar &quot;B&quot; - Restaurant Brugmann\" \/>\n<meta property=\"og:description\" content=\"Sirotez un mojito, une ca\u00efpirinha ou votre cocktail pr\u00e9f\u00e9r\u00e9 au Bar \u00e0 cocktail &quot;B&quot; avant de manger au restaurant. D\u00e9couvrez la carte ici\" \/>\n<meta property=\"og:url\" content=\"https:\/\/brugmann.com\/en\/les-cartes\/cocktails\/\" \/>\n<meta property=\"og:site_name\" content=\"Brugmann\" \/>\n<meta property=\"article:modified_time\" content=\"2021-05-17T14:05:24+00:00\" \/>\n<meta name=\"twitter:card\" content=\"summary_large_image\" \/>\n<meta name=\"twitter:label1\" content=\"Est. reading time\" \/>\n\t<meta name=\"twitter:data1\" content=\"2 minutes\" \/>\n<script type=\"application\/ld+json\" class=\"yoast-schema-graph\">{\"@context\":\"https:\/\/schema.org\",\"@graph\":[{\"@type\":\"WebPage\",\"@id\":\"https:\/\/brugmann.com\/en\/les-cartes\/cocktails\/\",\"url\":\"https:\/\/brugmann.com\/en\/les-cartes\/cocktails\/\",\"name\":\"D\u00e9couvrez la carte des cocktails du Bar \\\"B\\\" - Restaurant Brugmann\",\"isPartOf\":{\"@id\":\"https:\/\/brugmann.com\/#website\"},\"datePublished\":\"2021-01-05T15:00:22+00:00\",\"dateModified\":\"2021-05-17T14:05:24+00:00\",\"description\":\"Sirotez un mojito, une ca\u00efpirinha ou votre cocktail pr\u00e9f\u00e9r\u00e9 au Bar \u00e0 cocktail \\\"B\\\" avant de manger au restaurant. D\u00e9couvrez la carte ici\",\"breadcrumb\":{\"@id\":\"https:\/\/brugmann.com\/en\/les-cartes\/cocktails\/#breadcrumb\"},\"inLanguage\":\"en-US\",\"potentialAction\":[{\"@type\":\"ReadAction\",\"target\":[\"https:\/\/brugmann.com\/en\/les-cartes\/cocktails\/\"]}]},{\"@type\":\"BreadcrumbList\",\"@id\":\"https:\/\/brugmann.com\/en\/les-cartes\/cocktails\/#breadcrumb\",\"itemListElement\":[{\"@type\":\"ListItem\",\"position\":1,\"name\":\"Accueil\",\"item\":\"https:\/\/brugmann.com\/en\/\"},{\"@type\":\"ListItem\",\"position\":2,\"name\":\"LES CARTES\",\"item\":\"https:\/\/brugmann.com\/en\/les-cartes\/\"},{\"@type\":\"ListItem\",\"position\":3,\"name\":\"COCKTAILS\"}]},{\"@type\":\"WebSite\",\"@id\":\"https:\/\/brugmann.com\/#website\",\"url\":\"https:\/\/brugmann.com\/\",\"name\":\"Brugmann\",\"description\":\"Restaurant gastronomique Bruxelles\",\"potentialAction\":[{\"@type\":\"SearchAction\",\"target\":{\"@type\":\"EntryPoint\",\"urlTemplate\":\"https:\/\/brugmann.com\/?s={search_term_string}\"},\"query-input\":\"required name=search_term_string\"}],\"inLanguage\":\"en-US\"}]}<\/script>\n<!-- \/ Yoast SEO plugin. -->","yoast_head_json":{"title":"D\u00e9couvrez la carte des cocktails du Bar \"B\" - Restaurant Brugmann","description":"Sirotez un mojito, une ca\u00efpirinha ou votre cocktail pr\u00e9f\u00e9r\u00e9 au Bar \u00e0 cocktail \"B\" avant de manger au restaurant. D\u00e9couvrez la carte ici","robots":{"index":"index","follow":"follow","max-snippet":"max-snippet:-1","max-image-preview":"max-image-preview:large","max-video-preview":"max-video-preview:-1"},"canonical":"https:\/\/brugmann.com\/en\/les-cartes\/cocktails\/","og_locale":"en_US","og_type":"article","og_title":"D\u00e9couvrez la carte des cocktails du Bar \"B\" - Restaurant Brugmann","og_description":"Sirotez un mojito, une ca\u00efpirinha ou votre cocktail pr\u00e9f\u00e9r\u00e9 au Bar \u00e0 cocktail \"B\" avant de manger au restaurant. D\u00e9couvrez la carte ici","og_url":"https:\/\/brugmann.com\/en\/les-cartes\/cocktails\/","og_site_name":"Brugmann","article_modified_time":"2021-05-17T14:05:24+00:00","twitter_card":"summary_large_image","twitter_misc":{"Est. reading time":"2 minutes"},"schema":{"@context":"https:\/\/schema.org","@graph":[{"@type":"WebPage","@id":"https:\/\/brugmann.com\/en\/les-cartes\/cocktails\/","url":"https:\/\/brugmann.com\/en\/les-cartes\/cocktails\/","name":"D\u00e9couvrez la carte des cocktails du Bar \"B\" - Restaurant Brugmann","isPartOf":{"@id":"https:\/\/brugmann.com\/#website"},"datePublished":"2021-01-05T15:00:22+00:00","dateModified":"2021-05-17T14:05:24+00:00","description":"Sirotez un mojito, une ca\u00efpirinha ou votre cocktail pr\u00e9f\u00e9r\u00e9 au Bar \u00e0 cocktail \"B\" avant de manger au restaurant. D\u00e9couvrez la carte ici","breadcrumb":{"@id":"https:\/\/brugmann.com\/en\/les-cartes\/cocktails\/#breadcrumb"},"inLanguage":"en-US","potentialAction":[{"@type":"ReadAction","target":["https:\/\/brugmann.com\/en\/les-cartes\/cocktails\/"]}]},{"@type":"BreadcrumbList","@id":"https:\/\/brugmann.com\/en\/les-cartes\/cocktails\/#breadcrumb","itemListElement":[{"@type":"ListItem","position":1,"name":"Accueil","item":"https:\/\/brugmann.com\/en\/"},{"@type":"ListItem","position":2,"name":"LES CARTES","item":"https:\/\/brugmann.com\/en\/les-cartes\/"},{"@type":"ListItem","position":3,"name":"COCKTAILS"}]},{"@type":"WebSite","@id":"https:\/\/brugmann.com\/#website","url":"https:\/\/brugmann.com\/","name":"Brugmann","description":"Restaurant gastronomique Bruxelles","potentialAction":[{"@type":"SearchAction","target":{"@type":"EntryPoint","urlTemplate":"https:\/\/brugmann.com\/?s={search_term_string}"},"query-input":"required name=search_term_string"}],"inLanguage":"en-US"}]}},"_links":{"self":[{"href":"https:\/\/brugmann.com\/en\/wp-json\/wp\/v2\/pages\/769","targetHints":{"allow":["GET"]}}],"collection":[{"href":"https:\/\/brugmann.com\/en\/wp-json\/wp\/v2\/pages"}],"about":[{"href":"https:\/\/brugmann.com\/en\/wp-json\/wp\/v2\/types\/page"}],"author":[{"embeddable":true,"href":"https:\/\/brugmann.com\/en\/wp-json\/wp\/v2\/users\/1"}],"replies":[{"embeddable":true,"href":"https:\/\/brugmann.com\/en\/wp-json\/wp\/v2\/comments?post=769"}],"version-history":[{"count":0,"href":"https:\/\/brugmann.com\/en\/wp-json\/wp\/v2\/pages\/769\/revisions"}],"up":[{"embeddable":true,"href":"https:\/\/brugmann.com\/en\/wp-json\/wp\/v2\/pages\/763"}],"wp:attachment":[{"href":"https:\/\/brugmann.com\/en\/wp-json\/wp\/v2\/media?parent=769"}],"curies":[{"name":"wp","href":"https:\/\/api.w.org\/{rel}","templated":true}]}}